{"id":20,"date":"2016-07-14T15:50:57","date_gmt":"2016-07-14T15:50:57","guid":{"rendered":"http:\/\/romuloparraabogado.apps-1and1.net\/?page_id=20"},"modified":"2025-08-22T12:31:33","modified_gmt":"2025-08-22T10:31:33","slug":"sobre-mi","status":"publish","type":"page","link":"https:\/\/romuloparraabogado.com\/en\/sobre-mi","title":{"rendered":"Romulo Parra. About me"},"content":{"rendered":"\t\t<div data-elementor-type=\"wp-page\" data-elementor-id=\"20\" class=\"elementor elementor-20\" data-elementor-post-type=\"page\">\n\t\t\t\t<div class=\"elementor-element elementor-element-877487b e-flex e-con-boxed e-con e-parent\" data-id=\"877487b\" data-element_type=\"container\" data-e-type=\"container\">\n\t\t\t\t\t<div class=\"e-con-inner\">\n\t\t<div class=\"elementor-element elementor-element-0a0e231 e-con-full e-flex e-con e-child\" data-id=\"0a0e231\" data-element_type=\"container\" data-e-type=\"container\">\n\t\t\t\t<div class=\"elementor-element elementor-element-81433d4 elementor-widget elementor-widget-heading\" data-id=\"81433d4\" data-element_type=\"widget\" data-e-type=\"widget\" data-widget_type=\"heading.default\">\n\t\t\t\t\t<p class=\"elementor-heading-title elementor-size-default\">Acerca de<\/p>\t\t\t\t<\/div>\n\t\t\t\t<\/div>\n\t\t<div class=\"elementor-element elementor-element-6b9db9c e-con-full e-flex e-con e-child\" data-id=\"6b9db9c\" data-element_type=\"container\" data-e-type=\"container\">\n\t\t\t\t<div class=\"elementor-element elementor-element-9ca8955 elementor-widget-divider--view-line elementor-widget elementor-widget-divider\" data-id=\"9ca8955\" data-element_type=\"widget\" data-e-type=\"widget\" data-widget_type=\"divider.default\">\n\t\t\t\t\t\t\t<div class=\"elementor-divider\">\n\t\t\t<span class=\"elementor-divider-separator\">\n\t\t\t\t\t\t<\/span>\n\t\t<\/div>\n\t\t\t\t\t\t<\/div>\n\t\t\t\t<\/div>\n\t\t<div class=\"elementor-element elementor-element-b1bd07a e-con-full e-flex e-con e-child\" data-id=\"b1bd07a\" data-element_type=\"container\" data-e-type=\"container\">\n\t\t\t\t<div class=\"elementor-element elementor-element-5cf408a elementor-widget elementor-widget-heading\" data-id=\"5cf408a\" data-element_type=\"widget\" data-e-type=\"widget\" data-widget_type=\"heading.default\">\n\t\t\t\t\t<h1 class=\"elementor-heading-title elementor-size-default\">R\u00f3mulo  Parra | Abogado<\/h1>\t\t\t\t<\/div>\n\t\t\t\t<div class=\"elementor-element elementor-element-1f70cb0 elementor-widget-divider--view-line elementor-widget elementor-widget-divider\" data-id=\"1f70cb0\" data-element_type=\"widget\" data-e-type=\"widget\" data-widget_type=\"divider.default\">\n\t\t\t\t\t\t\t<div class=\"elementor-divider\">\n\t\t\t<span class=\"elementor-divider-separator\">\n\t\t\t\t\t\t<\/span>\n\t\t<\/div>\n\t\t\t\t\t\t<\/div>\n\t\t\t\t<\/div>\n\t\t\t\t\t<\/div>\n\t\t\t\t<\/div>\n\t\t<div class=\"elementor-element elementor-element-b9ce2d8 e-flex e-con-boxed e-con e-parent\" data-id=\"b9ce2d8\" data-element_type=\"container\" data-e-type=\"container\">\n\t\t\t\t\t<div class=\"e-con-inner\">\n\t\t<div class=\"elementor-element elementor-element-4710be6 e-con-full e-flex e-con e-child\" data-id=\"4710be6\" data-element_type=\"container\" data-e-type=\"container\">\n\t\t\t\t<div class=\"elementor-element elementor-element-b4ed1d7 elementor-widget elementor-widget-heading\" data-id=\"b4ed1d7\" data-element_type=\"widget\" data-e-type=\"widget\" data-widget_type=\"heading.default\">\n\t\t\t\t\t<h2 class=\"elementor-heading-title elementor-size-default\">Un viaje profesional desde Venezuela hasta Espa\u00f1a<\/h2>\t\t\t\t<\/div>\n\t\t\t\t<div class=\"elementor-element elementor-element-efcff9a elementor-widget elementor-widget-text-editor\" data-id=\"efcff9a\" data-element_type=\"widget\" data-e-type=\"widget\" data-widget_type=\"text-editor.default\">\n\t\t\t\t\t\t\t\t\t<p>Desde las aulas de la academia hasta los pasillos del poder judicial y corporativo en Venezuela, y ahora en Espa\u00f1a, mi carrera no ha sido solo un trayecto geogr\u00e1fico, sino una <b>expansi\u00f3n constante de habilidades y conocimientos. <\/b>He tenido el honor de servir como Consultor Jur\u00eddico de la Presidencia de la Rep\u00fablica en Venezuela, dirigir la Asesor\u00eda Jur\u00eddica del Banco Provincial (BBVA), y manejar asuntos legales comerciales e internacionales para Lagoven S.A. y PDVSA Petr\u00f3leo y Gas, S.A.<\/p><p>Ahora, establecido en Espa\u00f1a, <b>me dedico a guiar a latinoamericanos y otros extranjeros<\/b> a trav\u00e9s del intrincado laberinto legal de la inmigraci\u00f3n y la inversi\u00f3n. Mi especializaci\u00f3n en Derecho de Extranjer\u00eda incluye desde tramitaci\u00f3n de visados y solicitudes de nacionalidad hasta asuntos m\u00e1s complejos del Derecho Civil, Mercantil, Administrativo y Tributario.<\/p>\t\t\t\t\t\t\t\t<\/div>\n\t\t\t\t<\/div>\n\t\t<div class=\"elementor-element elementor-element-67de473 e-con-full e-flex e-con e-child\" data-id=\"67de473\" data-element_type=\"container\" data-e-type=\"container\">\n\t\t\t\t<div class=\"elementor-element elementor-element-665dcde elementor-widget elementor-widget-image\" data-id=\"665dcde\" data-element_type=\"widget\" data-e-type=\"widget\" data-widget_type=\"image.default\">\n\t\t\t\t\t\t\t\t\t\t\t\t\t\t\t<img fetchpriority=\"high\" decoding=\"async\" width=\"605\" height=\"907\" src=\"https:\/\/romuloparraabogado.com\/wp-content\/uploads\/2024\/05\/17-Romulo-683x1024.webp\" class=\"attachment-large size-large wp-image-4789\" alt=\"\" srcset=\"https:\/\/romuloparraabogado.com\/wp-content\/uploads\/2024\/05\/17-Romulo-683x1024.webp 683w, https:\/\/romuloparraabogado.com\/wp-content\/uploads\/2024\/05\/17-Romulo-200x300.webp 200w, https:\/\/romuloparraabogado.com\/wp-content\/uploads\/2024\/05\/17-Romulo-768x1152.webp 768w, https:\/\/romuloparraabogado.com\/wp-content\/uploads\/2024\/05\/17-Romulo-1024x1536.webp 1024w, https:\/\/romuloparraabogado.com\/wp-content\/uploads\/2024\/05\/17-Romulo-1365x2048.webp 1365w, https:\/\/romuloparraabogado.com\/wp-content\/uploads\/2024\/05\/17-Romulo-100x150.webp 100w, https:\/\/romuloparraabogado.com\/wp-content\/uploads\/2024\/05\/17-Romulo-150x225.webp 150w, https:\/\/romuloparraabogado.com\/wp-content\/uploads\/2024\/05\/17-Romulo-300x450.webp 300w, https:\/\/romuloparraabogado.com\/wp-content\/uploads\/2024\/05\/17-Romulo-450x675.webp 450w, https:\/\/romuloparraabogado.com\/wp-content\/uploads\/2024\/05\/17-Romulo-600x900.webp 600w, https:\/\/romuloparraabogado.com\/wp-content\/uploads\/2024\/05\/17-Romulo-900x1350.webp 900w, https:\/\/romuloparraabogado.com\/wp-content\/uploads\/2024\/05\/17-Romulo-scaled.webp 1706w\" sizes=\"(max-width: 605px) 100vw, 605px\" \/>\t\t\t\t\t\t\t\t\t\t\t\t\t\t\t<\/div>\n\t\t\t\t<\/div>\n\t\t\t\t\t<\/div>\n\t\t\t\t<\/div>\n\t\t<div class=\"elementor-element elementor-element-84405e2 e-flex e-con-boxed e-con e-parent\" data-id=\"84405e2\" data-element_type=\"container\" data-e-type=\"container\">\n\t\t\t\t\t<div class=\"e-con-inner\">\n\t\t\t\t<div class=\"elementor-element elementor-element-d990e36 elementor-widget elementor-widget-heading\" data-id=\"d990e36\" data-element_type=\"widget\" data-e-type=\"widget\" data-widget_type=\"heading.default\">\n\t\t\t\t\t<h2 class=\"elementor-heading-title elementor-size-default\">Multicultural y multiling\u00fce<\/h2>\t\t\t\t<\/div>\n\t\t\t\t<div class=\"elementor-element elementor-element-55cf1e0 elementor-widget elementor-widget-text-editor\" data-id=\"55cf1e0\" data-element_type=\"widget\" data-e-type=\"widget\" data-widget_type=\"text-editor.default\">\n\t\t\t\t\t\t\t\t\t<p>Mi fluidez en ingl\u00e9s y catal\u00e1n, junto con una profunda comprensi\u00f3n del Derecho Continental y del Sistema Anglosaj\u00f3n, me permiten abordar los problemas jur\u00eddicos desde m\u00faltiples perspectivas. Esta capacidad se fortalece con una personal historia de inmigraci\u00f3n, lo que me ha dotado de una capacidad \u00fanica para conectar y empatizar con aquellos que buscan hacer de Espa\u00f1a su nuevo hogar.<\/p>\t\t\t\t\t\t\t\t<\/div>\n\t\t\t\t<div class=\"elementor-element elementor-element-f16c396 elementor-widget elementor-widget-heading\" data-id=\"f16c396\" data-element_type=\"widget\" data-e-type=\"widget\" data-widget_type=\"heading.default\">\n\t\t\t\t\t<h2 class=\"elementor-heading-title elementor-size-default\">Contacto<\/h2>\t\t\t\t<\/div>\n\t\t\t\t<div class=\"elementor-element elementor-element-4bfae4d elementor-widget elementor-widget-text-editor\" data-id=\"4bfae4d\" data-element_type=\"widget\" data-e-type=\"widget\" data-widget_type=\"text-editor.default\">\n\t\t\t\t\t\t\t\t\t<p>Soy un abogado privado y atiendo con previa cita, en C\/ Arag\u00f3, 366, Oficina 24. 08009. Barcelona, Espa\u00f1a, y en Carretera de Malgrat, N\u00ba 5, Blanes, 17300, Girona, Espa\u00f1a.<\/p><p>Adem\u00e1s de las consultas presenciales, atiendo consultas por videoconferencia (Skype), tel\u00e9fono, Whatsapp o Messenger.<\/p><p><span style=\"color: #0000ff;\">Si deseas realizar cualquier tipo de consulta legal inmediata, o que te aclaremos una duda sobre tu caso particular, puedes llamarnos al tel\u00e9fono 807 40 31 08 (costo por minuto: 1.20\u20ac desde fijo y 1,57\u20ac desde m\u00f3vil, tasas incluidas).<\/span><\/p><p>Si quieres solicitar una cita presencial u online, o un presupuesto,\u00a0 llena el siguiente formulario y nos pondremos en contacto contigo. Si tienes dudas jur\u00eddicas mejor ll\u00e1manos al tel\u00e9fono anteriormente se\u00f1alado.<\/p><p><em>\n<div class=\"wpcf7 no-js\" id=\"wpcf7-f4-o1\" lang=\"es-ES\" dir=\"ltr\" data-wpcf7-id=\"4\">\n<div class=\"screen-reader-response\"><p role=\"status\" aria-live=\"polite\" aria-atomic=\"true\"><\/p> <ul><\/ul><\/div>\n<form action=\"\/en\/wp-json\/wp\/v2\/pages\/20#wpcf7-f4-o1\" method=\"post\" class=\"wpcf7-form init\" aria-label=\"Formulario de contacto\" novalidate=\"novalidate\" data-status=\"init\">\n<fieldset class=\"hidden-fields-container\"><input type=\"hidden\" name=\"_wpcf7\" value=\"4\" \/><input type=\"hidden\" name=\"_wpcf7_version\" value=\"6.1.5\" \/><input type=\"hidden\" name=\"_wpcf7_locale\" value=\"es_ES\" \/><input type=\"hidden\" name=\"_wpcf7_unit_tag\" value=\"wpcf7-f4-o1\" \/><input type=\"hidden\" name=\"_wpcf7_container_post\" value=\"0\" \/><input type=\"hidden\" name=\"_wpcf7_posted_data_hash\" value=\"\" \/>\n<\/fieldset>\n<p><label>Nombre (requerido)<br \/>\n<span class=\"wpcf7-form-control-wrap\" data-name=\"your-name\"><input size=\"40\" maxlength=\"400\" class=\"wpcf7-form-control wpcf7-text wpcf7-validates-as-required\" aria-required=\"true\" aria-invalid=\"false\" value=\"\" type=\"text\" name=\"your-name\" \/><\/span> <\/label>\n<\/p>\n<p><label>Correo electr\u00f3nico (requerido)<br \/>\n<span class=\"wpcf7-form-control-wrap\" data-name=\"your-email\"><input size=\"40\" maxlength=\"400\" class=\"wpcf7-form-control wpcf7-email wpcf7-validates-as-required wpcf7-text wpcf7-validates-as-email\" aria-required=\"true\" aria-invalid=\"false\" value=\"\" type=\"email\" name=\"your-email\" \/><\/span> <\/label>\n<\/p>\n<p><label>Asunto<br \/>\n<span class=\"wpcf7-form-control-wrap\" data-name=\"your-subject\"><input size=\"40\" maxlength=\"400\" class=\"wpcf7-form-control wpcf7-text\" aria-invalid=\"false\" value=\"\" type=\"text\" name=\"your-subject\" \/><\/span> <\/label>\n<\/p>\n<p><label>Mensaje<br \/>\n<span class=\"wpcf7-form-control-wrap\" data-name=\"your-message\"><textarea cols=\"40\" rows=\"10\" maxlength=\"2000\" class=\"wpcf7-form-control wpcf7-textarea\" aria-invalid=\"false\" name=\"your-message\"><\/textarea><\/span> <\/label>\n<\/p>\n<p><label><input class=\"wpcf7-form-control wpcf7-submit has-spinner\" type=\"submit\" value=\"Enviar\" \/><\/label>\n<\/p><div class=\"wpcf7-response-output\" aria-hidden=\"true\"><\/div>\n<\/form>\n<\/div>\n<\/em><\/p>\t\t\t\t\t\t\t\t<\/div>\n\t\t\t\t\t<\/div>\n\t\t\t\t<\/div>\n\t\t<div class=\"elementor-element elementor-element-24ea824 e-flex e-con-boxed e-con e-parent\" data-id=\"24ea824\" data-element_type=\"container\" data-e-type=\"container\">\n\t\t\t\t\t<div class=\"e-con-inner\">\n\t\t<div class=\"elementor-element elementor-element-80e33c3 e-con-full e-flex e-con e-child\" data-id=\"80e33c3\" data-element_type=\"container\" data-e-type=\"container\">\n\t\t\t\t<div class=\"elementor-element elementor-element-429de6e elementor-widget elementor-widget-heading\" data-id=\"429de6e\" data-element_type=\"widget\" data-e-type=\"widget\" data-widget_type=\"heading.default\">\n\t\t\t\t\t<h2 class=\"elementor-heading-title elementor-size-default\">Nuestros Valores<\/h2>\t\t\t\t<\/div>\n\t\t\t\t<div class=\"elementor-element elementor-element-6027c94 elementor-widget-divider--view-line elementor-widget elementor-widget-divider\" data-id=\"6027c94\" data-element_type=\"widget\" data-e-type=\"widget\" data-widget_type=\"divider.default\">\n\t\t\t\t\t\t\t<div class=\"elementor-divider\">\n\t\t\t<span class=\"elementor-divider-separator\">\n\t\t\t\t\t\t<\/span>\n\t\t<\/div>\n\t\t\t\t\t\t<\/div>\n\t\t\t\t<\/div>\n\t\t\t\t\t<\/div>\n\t\t\t\t<\/div>\n\t\t<div class=\"elementor-element elementor-element-2fc3680 e-flex e-con-boxed e-con e-parent\" data-id=\"2fc3680\" data-element_type=\"container\" data-e-type=\"container\">\n\t\t\t\t\t<div class=\"e-con-inner\">\n\t\t<div class=\"elementor-element elementor-element-060bac1 e-con-full e-flex e-con e-child\" data-id=\"060bac1\" data-element_type=\"container\" data-e-type=\"container\">\n\t\t\t\t<div class=\"elementor-element elementor-element-af2b12d elementor-position-top elementor-widget elementor-widget-image-box\" data-id=\"af2b12d\" data-element_type=\"widget\" data-e-type=\"widget\" data-widget_type=\"image-box.default\">\n\t\t\t\t\t<div class=\"elementor-image-box-wrapper\"><figure class=\"elementor-image-box-img\"><img decoding=\"async\" width=\"256\" height=\"256\" src=\"https:\/\/romuloparraabogado.com\/wp-content\/uploads\/2024\/05\/integridad.png\" class=\"elementor-animation-grow attachment-full size-full wp-image-4693\" alt=\"\" srcset=\"https:\/\/romuloparraabogado.com\/wp-content\/uploads\/2024\/05\/integridad.png 256w, https:\/\/romuloparraabogado.com\/wp-content\/uploads\/2024\/05\/integridad-150x150.png 150w, https:\/\/romuloparraabogado.com\/wp-content\/uploads\/2024\/05\/integridad-100x100.png 100w, https:\/\/romuloparraabogado.com\/wp-content\/uploads\/2024\/05\/integridad-200x200.png 200w\" sizes=\"(max-width: 256px) 100vw, 256px\" \/><\/figure><div class=\"elementor-image-box-content\"><h3 class=\"elementor-image-box-title\">Integridad<\/h3><p class=\"elementor-image-box-description\">Siempre transparente, honesto y justo.<\/p><\/div><\/div>\t\t\t\t<\/div>\n\t\t\t\t<\/div>\n\t\t<div class=\"elementor-element elementor-element-528c94f e-con-full e-flex e-con e-child\" data-id=\"528c94f\" data-element_type=\"container\" data-e-type=\"container\">\n\t\t\t\t<div class=\"elementor-element elementor-element-df9de9b elementor-position-top elementor-widget elementor-widget-image-box\" data-id=\"df9de9b\" data-element_type=\"widget\" data-e-type=\"widget\" data-widget_type=\"image-box.default\">\n\t\t\t\t\t<div class=\"elementor-image-box-wrapper\"><figure class=\"elementor-image-box-img\"><img decoding=\"async\" width=\"256\" height=\"256\" src=\"https:\/\/romuloparraabogado.com\/wp-content\/uploads\/2024\/05\/empatia.png\" class=\"elementor-animation-grow attachment-full size-full wp-image-4694\" alt=\"\" srcset=\"https:\/\/romuloparraabogado.com\/wp-content\/uploads\/2024\/05\/empatia.png 256w, https:\/\/romuloparraabogado.com\/wp-content\/uploads\/2024\/05\/empatia-150x150.png 150w, https:\/\/romuloparraabogado.com\/wp-content\/uploads\/2024\/05\/empatia-100x100.png 100w, https:\/\/romuloparraabogado.com\/wp-content\/uploads\/2024\/05\/empatia-200x200.png 200w\" sizes=\"(max-width: 256px) 100vw, 256px\" \/><\/figure><div class=\"elementor-image-box-content\"><h3 class=\"elementor-image-box-title\">Empat\u00eda<\/h3><p class=\"elementor-image-box-description\">Comprendemos y valoramos las circunstancias de los clientes.<\/p><\/div><\/div>\t\t\t\t<\/div>\n\t\t\t\t<\/div>\n\t\t<div class=\"elementor-element elementor-element-041536a e-con-full e-flex e-con e-child\" data-id=\"041536a\" data-element_type=\"container\" data-e-type=\"container\">\n\t\t\t\t<div class=\"elementor-element elementor-element-919d880 elementor-position-top elementor-widget elementor-widget-image-box\" data-id=\"919d880\" data-element_type=\"widget\" data-e-type=\"widget\" data-widget_type=\"image-box.default\">\n\t\t\t\t\t<div class=\"elementor-image-box-wrapper\"><figure class=\"elementor-image-box-img\"><img loading=\"lazy\" decoding=\"async\" width=\"256\" height=\"256\" src=\"https:\/\/romuloparraabogado.com\/wp-content\/uploads\/2024\/05\/servicio.png\" class=\"elementor-animation-grow attachment-full size-full wp-image-4695\" alt=\"\" srcset=\"https:\/\/romuloparraabogado.com\/wp-content\/uploads\/2024\/05\/servicio.png 256w, https:\/\/romuloparraabogado.com\/wp-content\/uploads\/2024\/05\/servicio-150x150.png 150w, https:\/\/romuloparraabogado.com\/wp-content\/uploads\/2024\/05\/servicio-100x100.png 100w, https:\/\/romuloparraabogado.com\/wp-content\/uploads\/2024\/05\/servicio-200x200.png 200w\" sizes=\"(max-width: 256px) 100vw, 256px\" \/><\/figure><div class=\"elementor-image-box-content\"><h3 class=\"elementor-image-box-title\">Excelencia<\/h3><p class=\"elementor-image-box-description\">Comprometidos con la calidad y la mejora continua.<\/p><\/div><\/div>\t\t\t\t<\/div>\n\t\t\t\t<\/div>\n\t\t<div class=\"elementor-element elementor-element-f449c94 e-con-full e-flex e-con e-child\" data-id=\"f449c94\" data-element_type=\"container\" data-e-type=\"container\">\n\t\t\t\t<div class=\"elementor-element elementor-element-99e6352 elementor-position-top elementor-widget elementor-widget-image-box\" data-id=\"99e6352\" data-element_type=\"widget\" data-e-type=\"widget\" data-widget_type=\"image-box.default\">\n\t\t\t\t\t<div class=\"elementor-image-box-wrapper\"><figure class=\"elementor-image-box-img\"><img loading=\"lazy\" decoding=\"async\" width=\"256\" height=\"256\" src=\"https:\/\/romuloparraabogado.com\/wp-content\/uploads\/2024\/05\/no-racismo.png\" class=\"elementor-animation-grow attachment-full size-full wp-image-4696\" alt=\"\" srcset=\"https:\/\/romuloparraabogado.com\/wp-content\/uploads\/2024\/05\/no-racismo.png 256w, https:\/\/romuloparraabogado.com\/wp-content\/uploads\/2024\/05\/no-racismo-150x150.png 150w, https:\/\/romuloparraabogado.com\/wp-content\/uploads\/2024\/05\/no-racismo-100x100.png 100w, https:\/\/romuloparraabogado.com\/wp-content\/uploads\/2024\/05\/no-racismo-200x200.png 200w\" sizes=\"(max-width: 256px) 100vw, 256px\" \/><\/figure><div class=\"elementor-image-box-content\"><h3 class=\"elementor-image-box-title\">Respeto<\/h3><p class=\"elementor-image-box-description\">Tratamos a cada cliente y su situaci\u00f3n con el respeto que merecen.<\/p><\/div><\/div>\t\t\t\t<\/div>\n\t\t\t\t<\/div>\n\t\t<div class=\"elementor-element elementor-element-4161a76 e-con-full e-flex e-con e-child\" data-id=\"4161a76\" data-element_type=\"container\" data-e-type=\"container\">\n\t\t\t\t<div class=\"elementor-element elementor-element-89f2fa5 elementor-position-top elementor-widget elementor-widget-image-box\" data-id=\"89f2fa5\" data-element_type=\"widget\" data-e-type=\"widget\" data-widget_type=\"image-box.default\">\n\t\t\t\t\t<div class=\"elementor-image-box-wrapper\"><figure class=\"elementor-image-box-img\"><img loading=\"lazy\" decoding=\"async\" width=\"256\" height=\"256\" src=\"https:\/\/romuloparraabogado.com\/wp-content\/uploads\/2024\/05\/responsabilidad.png\" class=\"elementor-animation-grow attachment-full size-full wp-image-4697\" alt=\"\" srcset=\"https:\/\/romuloparraabogado.com\/wp-content\/uploads\/2024\/05\/responsabilidad.png 256w, https:\/\/romuloparraabogado.com\/wp-content\/uploads\/2024\/05\/responsabilidad-150x150.png 150w, https:\/\/romuloparraabogado.com\/wp-content\/uploads\/2024\/05\/responsabilidad-100x100.png 100w, https:\/\/romuloparraabogado.com\/wp-content\/uploads\/2024\/05\/responsabilidad-200x200.png 200w\" sizes=\"(max-width: 256px) 100vw, 256px\" \/><\/figure><div class=\"elementor-image-box-content\"><h3 class=\"elementor-image-box-title\">Responsabilidad<\/h3><p class=\"elementor-image-box-description\">Asumimos completa responsabilidad en la gesti\u00f3n de cada caso.<\/p><\/div><\/div>\t\t\t\t<\/div>\n\t\t\t\t<\/div>\n\t\t<div class=\"elementor-element elementor-element-84ed886 e-con-full e-flex e-con e-child\" data-id=\"84ed886\" data-element_type=\"container\" data-e-type=\"container\">\n\t\t\t\t<div class=\"elementor-element elementor-element-d6b8bbd elementor-position-top elementor-widget elementor-widget-image-box\" data-id=\"d6b8bbd\" data-element_type=\"widget\" data-e-type=\"widget\" data-widget_type=\"image-box.default\">\n\t\t\t\t\t<div class=\"elementor-image-box-wrapper\"><figure class=\"elementor-image-box-img\"><img loading=\"lazy\" decoding=\"async\" width=\"256\" height=\"256\" src=\"https:\/\/romuloparraabogado.com\/wp-content\/uploads\/2024\/05\/lluvia-de-ideas.png\" class=\"elementor-animation-grow attachment-full size-full wp-image-4698\" alt=\"\" srcset=\"https:\/\/romuloparraabogado.com\/wp-content\/uploads\/2024\/05\/lluvia-de-ideas.png 256w, https:\/\/romuloparraabogado.com\/wp-content\/uploads\/2024\/05\/lluvia-de-ideas-150x150.png 150w, https:\/\/romuloparraabogado.com\/wp-content\/uploads\/2024\/05\/lluvia-de-ideas-100x100.png 100w, https:\/\/romuloparraabogado.com\/wp-content\/uploads\/2024\/05\/lluvia-de-ideas-200x200.png 200w\" sizes=\"(max-width: 256px) 100vw, 256px\" \/><\/figure><div class=\"elementor-image-box-content\"><h3 class=\"elementor-image-box-title\">Innovaci\u00f3n<\/h3><p class=\"elementor-image-box-description\">Adoptamos enfoques creativos y soluciones personalizadas para cada desaf\u00edo legal.<\/p><\/div><\/div>\t\t\t\t<\/div>\n\t\t\t\t<\/div>\n\t\t\t\t\t<\/div>\n\t\t\t\t<\/div>\n\t\t\t\t<\/div>\n\t\t","protected":false},"excerpt":{"rendered":"<p>Acerca de R\u00f3mulo Parra | Abogado Un viaje profesional desde Venezuela hasta Espa\u00f1a Desde las aulas de la academia hasta los pasillos del poder judicial y corporativo en Venezuela, y ahora en Espa\u00f1a, mi carrera no ha sido solo un &hellip;<\/p>\n<p class=\"read-more\"> <a class=\"more-link\" href=\"https:\/\/romuloparraabogado.com\/en\/sobre-mi\"> <span class=\"screen-reader-text\">Romulo Parra. About me<\/span> Read More &raquo;<\/a><\/p>\n","protected":false},"author":1,"featured_media":0,"parent":0,"menu_order":0,"comment_status":"closed","ping_status":"closed","template":"","meta":{"footnotes":""},"class_list":["post-20","page","type-page","status-publish","hentry"],"aioseo_notices":[],"_links":{"self":[{"href":"https:\/\/romuloparraabogado.com\/en\/wp-json\/wp\/v2\/pages\/20","targetHints":{"allow":["GET"]}}],"collection":[{"href":"https:\/\/romuloparraabogado.com\/en\/wp-json\/wp\/v2\/pages"}],"about":[{"href":"https:\/\/romuloparraabogado.com\/en\/wp-json\/wp\/v2\/types\/page"}],"author":[{"embeddable":true,"href":"https:\/\/romuloparraabogado.com\/en\/wp-json\/wp\/v2\/users\/1"}],"replies":[{"embeddable":true,"href":"https:\/\/romuloparraabogado.com\/en\/wp-json\/wp\/v2\/comments?post=20"}],"version-history":[{"count":83,"href":"https:\/\/romuloparraabogado.com\/en\/wp-json\/wp\/v2\/pages\/20\/revisions"}],"predecessor-version":[{"id":5356,"href":"https:\/\/romuloparraabogado.com\/en\/wp-json\/wp\/v2\/pages\/20\/revisions\/5356"}],"wp:attachment":[{"href":"https:\/\/romuloparraabogado.com\/en\/wp-json\/wp\/v2\/media?parent=20"}],"curies":[{"name":"wp","href":"https:\/\/api.w.org\/{rel}","templated":true}]}}