{"id":961,"date":"2017-09-25T19:21:57","date_gmt":"2017-09-25T17:21:57","guid":{"rendered":"https:\/\/romuloparraabogado.jcdigital.es\/?page_id=961"},"modified":"2024-07-17T14:26:50","modified_gmt":"2024-07-17T12:26:50","slug":"tramites-en-espana","status":"publish","type":"page","link":"https:\/\/romuloparraabogado.com\/en\/tramites-en-espana","title":{"rendered":"(Espa\u00f1ol) Tr\u00e1mites Espa\u00f1a"},"content":{"rendered":"<p class=\"qtranxs-available-languages-message qtranxs-available-languages-message-en\">Sorry, this entry is only available in <a href=\"https:\/\/romuloparraabogado.com\/es\/wp-json\/wp\/v2\/pages\/961\" class=\"qtranxs-available-language-link qtranxs-available-language-link-es\" title=\"Espa\u00f1ol\">Espa\u00f1ol<\/a>.<\/p>","protected":false},"excerpt":{"rendered":"<p>Sorry, this entry is only available in Espa\u00f1ol.<\/p>\n","protected":false},"author":1,"featured_media":0,"parent":0,"menu_order":0,"comment_status":"closed","ping_status":"closed","template":"","meta":{"footnotes":""},"class_list":["post-961","page","type-page","status-publish","hentry"],"aioseo_notices":[],"_links":{"self":[{"href":"https:\/\/romuloparraabogado.com\/en\/wp-json\/wp\/v2\/pages\/961","targetHints":{"allow":["GET"]}}],"collection":[{"href":"https:\/\/romuloparraabogado.com\/en\/wp-json\/wp\/v2\/pages"}],"about":[{"href":"https:\/\/romuloparraabogado.com\/en\/wp-json\/wp\/v2\/types\/page"}],"author":[{"embeddable":true,"href":"https:\/\/romuloparraabogado.com\/en\/wp-json\/wp\/v2\/users\/1"}],"replies":[{"embeddable":true,"href":"https:\/\/romuloparraabogado.com\/en\/wp-json\/wp\/v2\/comments?post=961"}],"version-history":[{"count":21,"href":"https:\/\/romuloparraabogado.com\/en\/wp-json\/wp\/v2\/pages\/961\/revisions"}],"predecessor-version":[{"id":4952,"href":"https:\/\/romuloparraabogado.com\/en\/wp-json\/wp\/v2\/pages\/961\/revisions\/4952"}],"wp:attachment":[{"href":"https:\/\/romuloparraabogado.com\/en\/wp-json\/wp\/v2\/media?parent=961"}],"curies":[{"name":"wp","href":"https:\/\/api.w.org\/{rel}","templated":true}]}}